{"id":8052,"date":"2023-06-19T10:53:30","date_gmt":"2023-06-19T08:53:30","guid":{"rendered":"https:\/\/systematic.one\/allgemeine-bedingungen-und-konditionen\/"},"modified":"2023-10-23T14:05:52","modified_gmt":"2023-10-23T12:05:52","slug":"allgemeine-bedingungen-und-konditionen","status":"publish","type":"page","link":"https:\/\/systematic.one\/de\/allgemeine-bedingungen-und-konditionen\/","title":{"rendered":"Allgemeine Bedingungen und Konditionen"},"content":{"rendered":"\t\t<div data-elementor-type=\"wp-page\" data-elementor-id=\"8052\" class=\"elementor elementor-8052 elementor-1614\" data-elementor-post-type=\"page\">\n\t\t\t\t\t\t<section class=\"elementor-section elementor-top-section elementor-element elementor-element-bccebbf elementor-section-height-min-height elementor-section-boxed elementor-section-height-default elementor-section-items-middle\" data-id=\"bccebbf\" data-element_type=\"section\" data-e-type=\"section\" data-settings=\"{&quot;background_background&quot;:&quot;gradient&quot;,&quot;shape_divider_bottom&quot;:&quot;waves&quot;}\">\n\t\t\t\t\t\t\t<div class=\"elementor-background-overlay\"><\/div>\n\t\t\t\t\t\t<div class=\"elementor-shape elementor-shape-bottom\" aria-hidden=\"true\" data-negative=\"false\">\n\t\t\t<svg xmlns=\"http:\/\/www.w3.org\/2000\/svg\" viewBox=\"0 0 1000 100\" preserveAspectRatio=\"none\">\n\t<path class=\"elementor-shape-fill\" d=\"M421.9,6.5c22.6-2.5,51.5,0.4,75.5,5.3c23.6,4.9,70.9,23.5,100.5,35.7c75.8,32.2,133.7,44.5,192.6,49.7\n\tc23.6,2.1,48.7,3.5,103.4-2.5c54.7-6,106.2-25.6,106.2-25.6V0H0v30.3c0,0,72,32.6,158.4,30.5c39.2-0.7,92.8-6.7,134-22.4\n\tc21.2-8.1,52.2-18.2,79.7-24.2C399.3,7.9,411.6,7.5,421.9,6.5z\"\/>\n<\/svg>\t\t<\/div>\n\t\t\t\t\t<div class=\"elementor-container elementor-column-gap-default\">\n\t\t\t\t\t<div class=\"elementor-column elementor-col-50 elementor-top-column elementor-element elementor-element-70311dd\" data-id=\"70311dd\" data-element_type=\"column\" data-e-type=\"column\">\n\t\t\t<div class=\"elementor-widget-wrap elementor-element-populated\">\n\t\t\t\t\t\t<div class=\"elementor-element elementor-element-00192f9 elementor-widget elementor-widget-heading\" data-id=\"00192f9\" data-element_type=\"widget\" data-e-type=\"widget\" data-widget_type=\"heading.default\">\n\t\t\t\t<div class=\"elementor-widget-container\">\n\t\t\t\t\t<h1 class=\"elementor-heading-title elementor-size-default\">Allgemeine Bedingungen und Konditionen<\/h1>\t\t\t\t<\/div>\n\t\t\t\t<\/div>\n\t\t\t\t\t<\/div>\n\t\t<\/div>\n\t\t\t\t<div class=\"elementor-column elementor-col-50 elementor-top-column elementor-element elementor-element-b3048d8\" data-id=\"b3048d8\" data-element_type=\"column\" data-e-type=\"column\">\n\t\t\t<div class=\"elementor-widget-wrap\">\n\t\t\t\t\t\t\t<\/div>\n\t\t<\/div>\n\t\t\t\t\t<\/div>\n\t\t<\/section>\n\t\t\t\t<section class=\"elementor-section elementor-top-section elementor-element elementor-element-576b8cb elementor-section-boxed elementor-section-height-default elementor-section-height-default\" data-id=\"576b8cb\" data-element_type=\"section\" data-e-type=\"section\">\n\t\t\t\t\t\t<div class=\"elementor-container elementor-column-gap-default\">\n\t\t\t\t\t<div class=\"elementor-column elementor-col-100 elementor-top-column elementor-element elementor-element-0d82641\" data-id=\"0d82641\" data-element_type=\"column\" data-e-type=\"column\">\n\t\t\t<div class=\"elementor-widget-wrap elementor-element-populated\">\n\t\t\t\t\t\t<div class=\"elementor-element elementor-element-5b05d21 elementor-widget elementor-widget-heading\" data-id=\"5b05d21\" data-element_type=\"widget\" data-e-type=\"widget\" data-widget_type=\"heading.default\">\n\t\t\t\t<div class=\"elementor-widget-container\">\n\t\t\t\t\t<h2 class=\"elementor-heading-title elementor-size-default\">Angenehmes Gesch\u00e4ft mit klaren Bedingungen<\/h2>\t\t\t\t<\/div>\n\t\t\t\t<\/div>\n\t\t\t\t<div class=\"elementor-element elementor-element-78cd519 elementor-widget elementor-widget-text-editor\" data-id=\"78cd519\" data-element_type=\"widget\" data-e-type=\"widget\" data-widget_type=\"text-editor.default\">\n\t\t\t\t<div class=\"elementor-widget-container\">\n\t\t\t\t\t\t\t\t\t<p>F\u00fcr alle unsere Arbeiten gelten die nachstehenden Bedingungen und Konditionen.<br \/>Sie k\u00f6nnen die aktuellen Gesch\u00e4ftsbedingungen auf dieser Seite herunterladen.<\/p>\n\t\t\t\t\t\t\t\t<\/div>\n\t\t\t\t<\/div>\n\t\t\t\t<div class=\"elementor-element elementor-element-d794216 elementor-widget elementor-widget-toggle\" data-id=\"d794216\" data-element_type=\"widget\" data-e-type=\"widget\" data-widget_type=\"toggle.default\">\n\t\t\t\t<div class=\"elementor-widget-container\">\n\t\t\t\t\t\t\t<div class=\"elementor-toggle\">\n\t\t\t\t\t\t\t<div class=\"elementor-toggle-item\">\n\t\t\t\t\t<div id=\"elementor-tab-title-2261\" class=\"elementor-tab-title\" data-tab=\"1\" role=\"button\" aria-controls=\"elementor-tab-content-2261\" aria-expanded=\"false\">\n\t\t\t\t\t\t\t\t\t\t\t\t<span class=\"elementor-toggle-icon elementor-toggle-icon-right\" aria-hidden=\"true\">\n\t\t\t\t\t\t\t\t\t\t\t\t\t\t\t<span class=\"elementor-toggle-icon-closed\"><i class=\"fas fa-caret-down\"><\/i><\/span>\n\t\t\t\t\t\t\t\t<span class=\"elementor-toggle-icon-opened\"><i class=\"elementor-toggle-icon-opened fas fa-caret-up\"><\/i><\/span>\n\t\t\t\t\t\t\t\t\t\t\t\t\t<\/span>\n\t\t\t\t\t\t\t\t\t\t\t\t<a class=\"elementor-toggle-title\" tabindex=\"0\">Allgemeine Gesch\u00e4fts-, Liefer- und Zahlungsbedingungen Systematic<\/a>\n\t\t\t\t\t<\/div>\n\n\t\t\t\t\t<div id=\"elementor-tab-content-2261\" class=\"elementor-tab-content elementor-clearfix\" data-tab=\"1\" role=\"region\" aria-labelledby=\"elementor-tab-title-2261\"><p>Neben den Allgemeinen Transportbedingungen (AVC) 2002 sowie den CMR und e-CMR gelten die Allgemeinen Handels-, Liefer- und Zahlungsbedingungen. Diese Bedingungen wurden bei der Handelskammer Enschede hinterlegt und k\u00f6nnen hier heruntergeladen und gelesen werden.<\/p>\n<p>Download PDF Bedingungen Systematisch<\/p>\n<p><a href=\"https:\/\/www.sva.nl\/avc\" target=\"_blank\" rel=\"noopener\">Zur offiziellen SVA-Website<\/a><\/p>\n<\/div>\n\t\t\t\t<\/div>\n\t\t\t\t\t\t\t<div class=\"elementor-toggle-item\">\n\t\t\t\t\t<div id=\"elementor-tab-title-2262\" class=\"elementor-tab-title\" data-tab=\"2\" role=\"button\" aria-controls=\"elementor-tab-content-2262\" aria-expanded=\"false\">\n\t\t\t\t\t\t\t\t\t\t\t\t<span class=\"elementor-toggle-icon elementor-toggle-icon-right\" aria-hidden=\"true\">\n\t\t\t\t\t\t\t\t\t\t\t\t\t\t\t<span class=\"elementor-toggle-icon-closed\"><i class=\"fas fa-caret-down\"><\/i><\/span>\n\t\t\t\t\t\t\t\t<span class=\"elementor-toggle-icon-opened\"><i class=\"elementor-toggle-icon-opened fas fa-caret-up\"><\/i><\/span>\n\t\t\t\t\t\t\t\t\t\t\t\t\t<\/span>\n\t\t\t\t\t\t\t\t\t\t\t\t<a class=\"elementor-toggle-title\" tabindex=\"0\">Stra\u00dfeninlandstransport (AVC)<\/a>\n\t\t\t\t\t<\/div>\n\n\t\t\t\t\t<div id=\"elementor-tab-content-2262\" class=\"elementor-tab-content elementor-clearfix\" data-tab=\"2\" role=\"region\" aria-labelledby=\"elementor-tab-title-2262\"><p>F\u00fcr Transportauftr\u00e4ge innerhalb der Niederlande gelten die Allgemeinen Transportbedingungen (AVC) 2002. Diese Bedingungen wurden bei der Gesch\u00e4ftsstelle der Bezirksgerichte in Amsterdam und Rotterdam hinterlegt.<\/p>\n<p class=\"w-iconbox-title\"><a href=\"\/wp-content\/uploads\/2022\/01\/Algemene-Vervoerscondities-2002-versie-2015_0.pdf\">PDF AVC2002 Bericht herunterladen<\/a><\/p>\n<p class=\"w-iconbox-title\"><a href=\"https:\/\/www.sva.nl\/avc\" target=\"_blank\" rel=\"noopener\">Zur offiziellen SVA-Website<\/a><\/p>\n<\/div>\n\t\t\t\t<\/div>\n\t\t\t\t\t\t\t<div class=\"elementor-toggle-item\">\n\t\t\t\t\t<div id=\"elementor-tab-title-2263\" class=\"elementor-tab-title\" data-tab=\"3\" role=\"button\" aria-controls=\"elementor-tab-content-2263\" aria-expanded=\"false\">\n\t\t\t\t\t\t\t\t\t\t\t\t<span class=\"elementor-toggle-icon elementor-toggle-icon-right\" aria-hidden=\"true\">\n\t\t\t\t\t\t\t\t\t\t\t\t\t\t\t<span class=\"elementor-toggle-icon-closed\"><i class=\"fas fa-caret-down\"><\/i><\/span>\n\t\t\t\t\t\t\t\t<span class=\"elementor-toggle-icon-opened\"><i class=\"elementor-toggle-icon-opened fas fa-caret-up\"><\/i><\/span>\n\t\t\t\t\t\t\t\t\t\t\t\t\t<\/span>\n\t\t\t\t\t\t\t\t\t\t\t\t<a class=\"elementor-toggle-title\" tabindex=\"0\">Internationaler Stra\u00dfenverkehr (CMR + e-CMR)<\/a>\n\t\t\t\t\t<\/div>\n\n\t\t\t\t\t<div id=\"elementor-tab-content-2263\" class=\"elementor-tab-content elementor-clearfix\" data-tab=\"3\" role=\"region\" aria-labelledby=\"elementor-tab-title-2263\"><p>Das CMR-\u00dcbereinkommen ist ein internationaler Vertrag zwischen europ\u00e4ischen L\u00e4ndern. Einige au\u00dfereurop\u00e4ische L\u00e4nder sind ebenfalls Mitglieder des CMR-\u00dcbereinkommens.<\/p>\n<p>Die Abk\u00fcrzung CMR steht f\u00fcr &#8222;Convention relative au Contrat de Transport International de Marchandises par Route&#8220; (\u00dcbereinkommen \u00fcber den Bef\u00f6rderungsvertrag im internationalen Stra\u00dfeng\u00fcterverkehr). Der Vertrag wurde 1956 in Genf ausgehandelt. Im Jahr 1978 wurde das \u00dcbereinkommen durch ein Protokoll ge\u00e4ndert, um das SZR als Einheit einzuf\u00fchren, und im Jahr 2008 wurde das \u00dcbereinkommen um das Protokoll des elektronischen Frachtbriefs erweitert.<\/p>\n<div class=\"w-iconbox iconpos_left style_default color_custom align_center no_text\">\n<div class=\"w-iconbox-meta\">\n<p class=\"w-iconbox-title\"><a href=\"\/wp-content\/uploads\/2022\/01\/CMR-Verdrag-NL.pdf\">PDF herunterladen CMR-\u00dcbereinkommen<\/a><\/p>\n<p><a href=\"\/wp-content\/uploads\/2022\/01\/50900-e-CMR-Protocol-NL-V05.pdf\">PDF e-CMR-Protokoll herunterladen<\/a><\/p>\n<p><a href=\"https:\/\/www.sva.nl\/themas\/cmr-en-ecmr\" target=\"_blank\" rel=\"noopener\">Zur offiziellen SVA-Website<\/a><\/p>\n<\/div>\n<\/div>\n<\/div>\n\t\t\t\t<\/div>\n\t\t\t\t\t\t\t\t<\/div>\n\t\t\t\t\t\t<\/div>\n\t\t\t\t<\/div>\n\t\t\t\t\t<\/div>\n\t\t<\/div>\n\t\t\t\t\t<\/div>\n\t\t<\/section>\n\t\t\t\t<\/div>\n\t\t","protected":false},"excerpt":{"rendered":"<p>Allgemeine Bedingungen und Konditionen Angenehmes Gesch\u00e4ft mit klaren Bedingungen F\u00fcr alle unsere Arbeiten gelten die nachstehenden Bedingungen und Konditionen.Sie k\u00f6nnen die aktuellen Gesch\u00e4ftsbedingungen auf dieser Seite herunterladen. Allgemeine Gesch\u00e4fts-, Liefer- und Zahlungsbedingungen Systematic Neben den Allgemeinen Transportbedingungen (AVC) 2002 sowie den CMR und e-CMR gelten die Allgemeinen Handels-, Liefer- und Zahlungsbedingungen. Diese Bedingungen wurden bei [&hellip;]<\/p>\n","protected":false},"author":2,"featured_media":0,"parent":0,"menu_order":0,"comment_status":"closed","ping_status":"closed","template":"","meta":{"footnotes":""},"class_list":["post-8052","page","type-page","status-publish","hentry"],"_links":{"self":[{"href":"https:\/\/systematic.one\/de\/wp-json\/wp\/v2\/pages\/8052","targetHints":{"allow":["GET"]}}],"collection":[{"href":"https:\/\/systematic.one\/de\/wp-json\/wp\/v2\/pages"}],"about":[{"href":"https:\/\/systematic.one\/de\/wp-json\/wp\/v2\/types\/page"}],"author":[{"embeddable":true,"href":"https:\/\/systematic.one\/de\/wp-json\/wp\/v2\/users\/2"}],"replies":[{"embeddable":true,"href":"https:\/\/systematic.one\/de\/wp-json\/wp\/v2\/comments?post=8052"}],"version-history":[{"count":7,"href":"https:\/\/systematic.one\/de\/wp-json\/wp\/v2\/pages\/8052\/revisions"}],"predecessor-version":[{"id":8600,"href":"https:\/\/systematic.one\/de\/wp-json\/wp\/v2\/pages\/8052\/revisions\/8600"}],"wp:attachment":[{"href":"https:\/\/systematic.one\/de\/wp-json\/wp\/v2\/media?parent=8052"}],"curies":[{"name":"wp","href":"https:\/\/api.w.org\/{rel}","templated":true}]}}