{"id":3147,"date":"2022-01-21T10:51:25","date_gmt":"2022-01-21T09:51:25","guid":{"rendered":"https:\/\/testomgeving.marketingtijd.nl\/privacy-policy\/"},"modified":"2023-10-23T14:13:50","modified_gmt":"2023-10-23T12:13:50","slug":"privacy-policy","status":"publish","type":"page","link":"https:\/\/systematic.one\/de\/privacy-policy\/","title":{"rendered":"Datenschutzbestimmungen"},"content":{"rendered":"\t\t<div data-elementor-type=\"wp-page\" data-elementor-id=\"3147\" class=\"elementor elementor-3147 elementor-1646\" data-elementor-post-type=\"page\">\n\t\t\t\t\t\t<section class=\"elementor-section elementor-top-section elementor-element elementor-element-45ceebb elementor-section-height-min-height elementor-section-boxed elementor-section-height-default elementor-section-items-middle\" data-id=\"45ceebb\" data-element_type=\"section\" data-e-type=\"section\" data-settings=\"{&quot;background_background&quot;:&quot;gradient&quot;,&quot;shape_divider_bottom&quot;:&quot;waves&quot;}\">\n\t\t\t\t\t\t\t<div class=\"elementor-background-overlay\"><\/div>\n\t\t\t\t\t\t<div class=\"elementor-shape elementor-shape-bottom\" aria-hidden=\"true\" data-negative=\"false\">\n\t\t\t<svg xmlns=\"http:\/\/www.w3.org\/2000\/svg\" viewBox=\"0 0 1000 100\" preserveAspectRatio=\"none\">\n\t<path class=\"elementor-shape-fill\" d=\"M421.9,6.5c22.6-2.5,51.5,0.4,75.5,5.3c23.6,4.9,70.9,23.5,100.5,35.7c75.8,32.2,133.7,44.5,192.6,49.7\n\tc23.6,2.1,48.7,3.5,103.4-2.5c54.7-6,106.2-25.6,106.2-25.6V0H0v30.3c0,0,72,32.6,158.4,30.5c39.2-0.7,92.8-6.7,134-22.4\n\tc21.2-8.1,52.2-18.2,79.7-24.2C399.3,7.9,411.6,7.5,421.9,6.5z\"\/>\n<\/svg>\t\t<\/div>\n\t\t\t\t\t<div class=\"elementor-container elementor-column-gap-default\">\n\t\t\t\t\t<div class=\"elementor-column elementor-col-50 elementor-top-column elementor-element elementor-element-2c3f933\" data-id=\"2c3f933\" data-element_type=\"column\" data-e-type=\"column\">\n\t\t\t<div class=\"elementor-widget-wrap elementor-element-populated\">\n\t\t\t\t\t\t<div class=\"elementor-element elementor-element-581cc66 elementor-widget elementor-widget-heading\" data-id=\"581cc66\" data-element_type=\"widget\" data-e-type=\"widget\" data-widget_type=\"heading.default\">\n\t\t\t\t<div class=\"elementor-widget-container\">\n\t\t\t\t\t<h1 class=\"elementor-heading-title elementor-size-default\">Datenschutzbestimmungen<\/h1>\t\t\t\t<\/div>\n\t\t\t\t<\/div>\n\t\t\t\t\t<\/div>\n\t\t<\/div>\n\t\t\t\t<div class=\"elementor-column elementor-col-50 elementor-top-column elementor-element elementor-element-76ba240\" data-id=\"76ba240\" data-element_type=\"column\" data-e-type=\"column\">\n\t\t\t<div class=\"elementor-widget-wrap\">\n\t\t\t\t\t\t\t<\/div>\n\t\t<\/div>\n\t\t\t\t\t<\/div>\n\t\t<\/section>\n\t\t\t\t<section class=\"elementor-section elementor-top-section elementor-element elementor-element-f511848 elementor-section-boxed elementor-section-height-default elementor-section-height-default\" data-id=\"f511848\" data-element_type=\"section\" data-e-type=\"section\">\n\t\t\t\t\t\t<div class=\"elementor-container elementor-column-gap-default\">\n\t\t\t\t\t<div class=\"elementor-column elementor-col-50 elementor-top-column elementor-element elementor-element-68a2bae\" data-id=\"68a2bae\" data-element_type=\"column\" data-e-type=\"column\">\n\t\t\t<div class=\"elementor-widget-wrap elementor-element-populated\">\n\t\t\t\t\t\t<div class=\"elementor-element elementor-element-e7f9036 elementor-widget elementor-widget-heading\" data-id=\"e7f9036\" data-element_type=\"widget\" data-e-type=\"widget\" data-widget_type=\"heading.default\">\n\t\t\t\t<div class=\"elementor-widget-container\">\n\t\t\t\t\t<h2 class=\"elementor-heading-title elementor-size-default\">Haftungsausschluss<\/h2>\t\t\t\t<\/div>\n\t\t\t\t<\/div>\n\t\t\t\t<div class=\"elementor-element elementor-element-10d20fd elementor-widget elementor-widget-text-editor\" data-id=\"10d20fd\" data-element_type=\"widget\" data-e-type=\"widget\" data-widget_type=\"text-editor.default\">\n\t\t\t\t<div class=\"elementor-widget-container\">\n\t\t\t\t\t\t\t\t\t<p>SLI Systematic Logistics International B.V. (Handelskammer: Enschede 53151054), nachstehend Systematic genannt, gew\u00e4hrt Ihnen hiermit Zugang zu www.systematic.one (&#8222;die Website&#8220;) und ver\u00f6ffentlicht hier Texte, Bilder und andere Materialien zu Informationszwecken.<br \/>Systematic beh\u00e4lt sich das Recht vor, den Inhalt jederzeit zu \u00e4ndern oder Teile davon zu entfernen, ohne Sie dar\u00fcber informieren zu m\u00fcssen.<br \/>Die Informationen auf der Website sind unverbindlich und stellen kein konkretes Angebot zum Abschluss eines Vertrages dar. Vertr\u00e4ge kommen nur durch die Annahme eines als solches gekennzeichneten Angebots auf der Website zustande.<\/p>\n\t\t\t\t\t\t\t\t<\/div>\n\t\t\t\t<\/div>\n\t\t\t\t<div class=\"elementor-element elementor-element-112c821 elementor-widget elementor-widget-heading\" data-id=\"112c821\" data-element_type=\"widget\" data-e-type=\"widget\" data-widget_type=\"heading.default\">\n\t\t\t\t<div class=\"elementor-widget-container\">\n\t\t\t\t\t<h3 class=\"elementor-heading-title elementor-size-default\">Beschr\u00e4nkte Haftung<\/h3>\t\t\t\t<\/div>\n\t\t\t\t<\/div>\n\t\t\t\t<div class=\"elementor-element elementor-element-034c00a elementor-widget elementor-widget-text-editor\" data-id=\"034c00a\" data-element_type=\"widget\" data-e-type=\"widget\" data-widget_type=\"text-editor.default\">\n\t\t\t\t<div class=\"elementor-widget-container\">\n\t\t\t\t\t\t\t\t\t<p>Systematic bem\u00fcht sich, den Inhalt der Website so oft wie m\u00f6glich zu aktualisieren und\/oder zu erg\u00e4nzen. Trotz dieser Sorgfalt und Aufmerksamkeit kann der Inhalt unvollst\u00e4ndig und\/oder fehlerhaft sein.<br \/>Die auf der Website angebotenen Materialien werden ohne jegliche Garantie oder Anspruch auf Richtigkeit bereitgestellt. Diese Materialien k\u00f6nnen jederzeit und ohne vorherige Ank\u00fcndigung von Systematic ge\u00e4ndert werden.<br \/>Insbesondere sind alle Preise auf der Website vorbehaltlich von Tipp- und Programmierfehlern. F\u00fcr die Folgen solcher Fehler wird keine Haftung \u00fcbernommen. Auf der Grundlage solcher Fehler kommt kein Vertrag zustande.<br \/>Systematic \u00fcbernimmt keine Haftung f\u00fcr Hyperlinks zu Websites oder Dienstleistungen Dritter, die auf der Website enthalten sind.<\/p>\n\t\t\t\t\t\t\t\t<\/div>\n\t\t\t\t<\/div>\n\t\t\t\t<div class=\"elementor-element elementor-element-5f5412a elementor-widget elementor-widget-heading\" data-id=\"5f5412a\" data-element_type=\"widget\" data-e-type=\"widget\" data-widget_type=\"heading.default\">\n\t\t\t\t<div class=\"elementor-widget-container\">\n\t\t\t\t\t<h3 class=\"elementor-heading-title elementor-size-default\">Urheberrecht<\/h3>\t\t\t\t<\/div>\n\t\t\t\t<\/div>\n\t\t\t\t<div class=\"elementor-element elementor-element-9a21902 elementor-widget elementor-widget-text-editor\" data-id=\"9a21902\" data-element_type=\"widget\" data-e-type=\"widget\" data-widget_type=\"text-editor.default\">\n\t\t\t\t<div class=\"elementor-widget-container\">\n\t\t\t\t\t\t\t\t\t<p>Alle geistigen Eigentumsrechte an diesen Materialien liegen bei Systematic.<br \/>Die Vervielf\u00e4ltigung, Verbreitung und sonstige Nutzung dieser Materialien ist ohne die schriftliche Zustimmung von Systematic nicht gestattet, es sei denn, es handelt sich um zwingende gesetzliche Vorschriften (z.B. Zitatrecht), die bei bestimmten Materialien anders lauten.<\/p>\n\t\t\t\t\t\t\t\t<\/div>\n\t\t\t\t<\/div>\n\t\t\t\t<div class=\"elementor-element elementor-element-78dc736 elementor-widget elementor-widget-heading\" data-id=\"78dc736\" data-element_type=\"widget\" data-e-type=\"widget\" data-widget_type=\"heading.default\">\n\t\t\t\t<div class=\"elementor-widget-container\">\n\t\t\t\t\t<h3 class=\"elementor-heading-title elementor-size-default\">Andere<\/h3>\t\t\t\t<\/div>\n\t\t\t\t<\/div>\n\t\t\t\t<div class=\"elementor-element elementor-element-4d24be6 elementor-widget elementor-widget-text-editor\" data-id=\"4d24be6\" data-element_type=\"widget\" data-e-type=\"widget\" data-widget_type=\"text-editor.default\">\n\t\t\t\t<div class=\"elementor-widget-container\">\n\t\t\t\t\t\t\t\t\t<p>Dieser Haftungsausschluss kann sich von Zeit zu Zeit \u00e4ndern.<\/p>\n\t\t\t\t\t\t\t\t<\/div>\n\t\t\t\t<\/div>\n\t\t\t\t<div class=\"elementor-element elementor-element-1fce749 elementor-widget elementor-widget-heading\" data-id=\"1fce749\" data-element_type=\"widget\" data-e-type=\"widget\" data-widget_type=\"heading.default\">\n\t\t\t\t<div class=\"elementor-widget-container\">\n\t\t\t\t\t<h2 class=\"elementor-heading-title elementor-size-default\">Datenschutzrichtlinie und Cookie-Erkl\u00e4rung<\/h2>\t\t\t\t<\/div>\n\t\t\t\t<\/div>\n\t\t\t\t<div class=\"elementor-element elementor-element-0e9f843 elementor-widget elementor-widget-text-editor\" data-id=\"0e9f843\" data-element_type=\"widget\" data-e-type=\"widget\" data-widget_type=\"text-editor.default\">\n\t\t\t\t<div class=\"elementor-widget-container\">\n\t\t\t\t\t\t\t\t\t<p><em>Wir respektieren die Privatsph\u00e4re der Website-Besucher und stellen sicher, dass die pers\u00f6nlichen Daten, die Sie uns zur Verf\u00fcgung stellen, vertraulich behandelt werden. Personenbezogene Daten werden in einer Weise verarbeitet, die den Anforderungen des Gesetzes zum Schutz personenbezogener Daten entspricht.<\/em><\/p>\n\t\t\t\t\t\t\t\t<\/div>\n\t\t\t\t<\/div>\n\t\t\t\t<div class=\"elementor-element elementor-element-5d2da3f elementor-widget elementor-widget-heading\" data-id=\"5d2da3f\" data-element_type=\"widget\" data-e-type=\"widget\" data-widget_type=\"heading.default\">\n\t\t\t\t<div class=\"elementor-widget-container\">\n\t\t\t\t\t<h3 class=\"elementor-heading-title elementor-size-default\">Zwecke der Datenverarbeitung<\/h3>\t\t\t\t<\/div>\n\t\t\t\t<\/div>\n\t\t\t\t<div class=\"elementor-element elementor-element-786c4f4 elementor-widget elementor-widget-text-editor\" data-id=\"786c4f4\" data-element_type=\"widget\" data-e-type=\"widget\" data-widget_type=\"text-editor.default\">\n\t\t\t\t<div class=\"elementor-widget-container\">\n\t\t\t\t\t\t\t\t\t<p>Ihre personenbezogenen Daten werden von uns f\u00fcr den Abschluss und die Durchf\u00fchrung von Vertr\u00e4gen \u00fcber Rechtsdienstleistungen und die Verwaltung der sich daraus ergebenden Beziehungen, einschlie\u00dflich der Durchf\u00fchrung von Ma\u00dfnahmen zur Erweiterung des Kundenstamms, verarbeitet.<br \/>Wenn Sie auf der Website ein Kontakt- oder Anmeldeformular ausf\u00fcllen oder uns eine E-Mail senden, werden die von Ihnen \u00fcbermittelten Daten so lange gespeichert, wie es die Art des Formulars oder der Inhalt Ihrer E-Mail f\u00fcr eine vollst\u00e4ndige Beantwortung und Bearbeitung erfordert.<\/p>\n\t\t\t\t\t\t\t\t<\/div>\n\t\t\t\t<\/div>\n\t\t\t\t<div class=\"elementor-element elementor-element-659240d elementor-widget elementor-widget-heading\" data-id=\"659240d\" data-element_type=\"widget\" data-e-type=\"widget\" data-widget_type=\"heading.default\">\n\t\t\t\t<div class=\"elementor-widget-container\">\n\t\t\t\t\t<h3 class=\"elementor-heading-title elementor-size-default\">Klickverhalten und Besucherdaten<\/h3>\t\t\t\t<\/div>\n\t\t\t\t<\/div>\n\t\t\t\t<div class=\"elementor-element elementor-element-55f6f7c elementor-widget elementor-widget-text-editor\" data-id=\"55f6f7c\" data-element_type=\"widget\" data-e-type=\"widget\" data-widget_type=\"text-editor.default\">\n\t\t\t\t<div class=\"elementor-widget-container\">\n\t\t\t\t\t\t\t\t\t<p>Allgemeine Besuchsdaten werden auf der Website gespeichert. In diesem Zusammenhang k\u00f6nnen insbesondere die IP-Adresse Ihres Computers, ein etwaiger Benutzername, der Zeitpunkt der Anfrage und die vom Browser eines Besuchers gesendeten Daten erfasst und f\u00fcr statistische Analysen des Besuchs- und Klickverhaltens auf der Website verwendet werden. Wir verwenden sie auch, um das Funktionieren der Website zu optimieren.<br \/>Wir versuchen, diese Daten so weit wie m\u00f6glich zu anonymisieren. Diese Daten werden nicht an Dritte weitergegeben.<\/p>\n\t\t\t\t\t\t\t\t<\/div>\n\t\t\t\t<\/div>\n\t\t\t\t<div class=\"elementor-element elementor-element-a7c2d7c elementor-widget elementor-widget-heading\" data-id=\"a7c2d7c\" data-element_type=\"widget\" data-e-type=\"widget\" data-widget_type=\"heading.default\">\n\t\t\t\t<div class=\"elementor-widget-container\">\n\t\t\t\t\t<h3 class=\"elementor-heading-title elementor-size-default\">Google Analytics\n<\/h3>\t\t\t\t<\/div>\n\t\t\t\t<\/div>\n\t\t\t\t<div class=\"elementor-element elementor-element-d8ab9fc elementor-widget elementor-widget-text-editor\" data-id=\"d8ab9fc\" data-element_type=\"widget\" data-e-type=\"widget\" data-widget_type=\"text-editor.default\">\n\t\t\t\t<div class=\"elementor-widget-container\">\n\t\t\t\t\t\t\t\t\t<p>Wir verwenden Google Analytics, um zu verfolgen, wie Nutzer die Website nutzen und wie effektiv unsere Adwords-Anzeigen auf den Google-Suchergebnisseiten sind. Die so gewonnenen Informationen, einschlie\u00dflich der Adresse Ihres Computers (IP-Adresse), werden an Google \u00fcbertragen und von Google auf Servern in den Vereinigten Staaten gespeichert. Weitere Informationen finden Sie in den <a href=\"http:\/\/www.google.com\/intl\/nl\/privacy\/ads\/\" target=\"_blank\" rel=\"noopener\">Datenschutzbestimmungen<\/a> von Google sowie in den speziellen <a href=\"http:\/\/www.google.com\/intl\/nl\/analytics\/privacyoverview.html\" target=\"_blank\" rel=\"noopener\">Datenschutzbestimmungen von Google Analytics.<\/a><br \/>Google verwendet diese Informationen, um zu verfolgen, wie unsere Website genutzt wird, um uns Berichte \u00fcber die Website zur Verf\u00fcgung zu stellen und um seine Werbekunden mit Informationen \u00fcber die Wirksamkeit ihrer Kampagnen zu versorgen. Auch wird Google diese Informationen gegebenenfalls an Dritte \u00fcbertragen, sofern dies gesetzlich vorgeschrieben ist oder soweit Dritte diese Daten im Auftrag von Google verarbeiten. Darauf haben wir keinen Einfluss. Wir haben Google nicht gestattet, die erhaltenen Analysedaten f\u00fcr andere Google-Dienste zu verwenden.<\/p>\n\t\t\t\t\t\t\t\t<\/div>\n\t\t\t\t<\/div>\n\t\t\t\t<div class=\"elementor-element elementor-element-7214757 elementor-widget elementor-widget-heading\" data-id=\"7214757\" data-element_type=\"widget\" data-e-type=\"widget\" data-widget_type=\"heading.default\">\n\t\t\t\t<div class=\"elementor-widget-container\">\n\t\t\t\t\t<h3 class=\"elementor-heading-title elementor-size-default\">LinkedIn<\/h3>\t\t\t\t<\/div>\n\t\t\t\t<\/div>\n\t\t\t\t<div class=\"elementor-element elementor-element-eec175a elementor-widget elementor-widget-text-editor\" data-id=\"eec175a\" data-element_type=\"widget\" data-e-type=\"widget\" data-widget_type=\"text-editor.default\">\n\t\t\t\t<div class=\"elementor-widget-container\">\n\t\t\t\t\t\t\t\t\t<p>Diese Website enth\u00e4lt Schaltfl\u00e4chen zum Bewerben oder Teilen von Seiten auf LinkedIn. Diese Schaltfl\u00e4chen werden durch einen von LinkedIn bereitgestellten Code realisiert. Dieser Code setzt u. a. ein Cookie (siehe oben).<br \/>Bitte lesen Sie die <a href=\"https:\/\/www.linkedin.com\/legal\/privacy-policy\" target=\"_blank\" rel=\"noopener\">Datenschutzerkl\u00e4rung von LinkedIn<\/a> (die sich regelm\u00e4\u00dfig \u00e4ndern kann), um zu erfahren, was mit Ihren personenbezogenen Daten geschieht, die mit diesem Code verarbeitet werden.<\/p>\n\t\t\t\t\t\t\t\t<\/div>\n\t\t\t\t<\/div>\n\t\t\t\t<div class=\"elementor-element elementor-element-4f500ad elementor-widget elementor-widget-heading\" data-id=\"4f500ad\" data-element_type=\"widget\" data-e-type=\"widget\" data-widget_type=\"heading.default\">\n\t\t\t\t<div class=\"elementor-widget-container\">\n\t\t\t\t\t<h3 class=\"elementor-heading-title elementor-size-default\">Newsletter<\/h3>\t\t\t\t<\/div>\n\t\t\t\t<\/div>\n\t\t\t\t<div class=\"elementor-element elementor-element-90412ed elementor-widget elementor-widget-text-editor\" data-id=\"90412ed\" data-element_type=\"widget\" data-e-type=\"widget\" data-widget_type=\"text-editor.default\">\n\t\t\t\t<div class=\"elementor-widget-container\">\n\t\t\t\t\t\t\t\t\t<p>Wir bieten einen Newsletter an, mit dem wir Interessierte \u00fcber Neuigkeiten aus dem Bereich Transport und Logistik informieren wollen,<br \/>Ihre E-Mail-Adresse wird nur mit Ihrer ausdr\u00fccklichen Zustimmung in die Liste der Abonnenten aufgenommen. Jeder Newsletter enth\u00e4lt einen Link zum Abbestellen. Die Datenbank der Newsletter-Abonnenten wird nicht an Dritte weitergegeben.<\/p>\n\t\t\t\t\t\t\t\t<\/div>\n\t\t\t\t<\/div>\n\t\t\t\t<div class=\"elementor-element elementor-element-ba67a3e elementor-widget elementor-widget-heading\" data-id=\"ba67a3e\" data-element_type=\"widget\" data-e-type=\"widget\" data-widget_type=\"heading.default\">\n\t\t\t\t<div class=\"elementor-widget-container\">\n\t\t\t\t\t<h3 class=\"elementor-heading-title elementor-size-default\">Verwendung von Cookies<\/h3>\t\t\t\t<\/div>\n\t\t\t\t<\/div>\n\t\t\t\t<div class=\"elementor-element elementor-element-50aff3e elementor-widget elementor-widget-text-editor\" data-id=\"50aff3e\" data-element_type=\"widget\" data-e-type=\"widget\" data-widget_type=\"text-editor.default\">\n\t\t\t\t<div class=\"elementor-widget-container\">\n\t\t\t\t\t\t\t\t\t<p>Wir verwenden Cookies, wenn wir elektronische Dienste anbieten. Ein Cookie ist eine einfache kleine Datei, die mit den Seiten dieser Website verschickt und von Ihrem Browser auf der Festplatte Ihres Computers gespeichert wird. Wir verwenden Cookies, um Ihre Einstellungen und Pr\u00e4ferenzen zu speichern. Sie k\u00f6nnen diese Cookies \u00fcber Ihren Browser deaktivieren, siehe z. B. diese Erkl\u00e4rung des Verbraucherverbands.<\/p>\n<p>Auf unserer Website werden im Rahmen des Dienstes &#8222;Analytics&#8220; Cookies von dem US-amerikanischen Unternehmen Google gesetzt. Wir nutzen diesen Dienst, um zu verfolgen und Berichte dar\u00fcber zu erhalten, wie Besucher die Website nutzen. Auch wird Google diese Informationen gegebenenfalls an Dritte \u00fcbertragen, sofern dies gesetzlich vorgeschrieben oder soweit Dritte diese Daten im Auftrag von Google verarbeiten. Darauf haben wir keinen Einfluss.<\/p>\n\t\t\t\t\t\t\t\t<\/div>\n\t\t\t\t<\/div>\n\t\t\t\t<div class=\"elementor-element elementor-element-acc7522 elementor-widget elementor-widget-heading\" data-id=\"acc7522\" data-element_type=\"widget\" data-e-type=\"widget\" data-widget_type=\"heading.default\">\n\t\t\t\t<div class=\"elementor-widget-container\">\n\t\t\t\t\t<h3 class=\"elementor-heading-title elementor-size-default\">Einsichtnahme, Berichtigung und Recht auf Widerspruch<\/h3>\t\t\t\t<\/div>\n\t\t\t\t<\/div>\n\t\t\t\t<div class=\"elementor-element elementor-element-f044a92 elementor-widget elementor-widget-text-editor\" data-id=\"f044a92\" data-element_type=\"widget\" data-e-type=\"widget\" data-widget_type=\"text-editor.default\">\n\t\t\t\t<div class=\"elementor-widget-container\">\n\t\t\t\t\t\t\t\t\t<p>Wenn Sie mit unserem Unternehmen in Beziehung stehen, haben Sie auf schriftlichen Antrag die M\u00f6glichkeit, Ihre pers\u00f6nlichen Daten einzusehen. Sollte die von uns zur Verf\u00fcgung gestellte Zusammenfassung Ungenauigkeiten enthalten, k\u00f6nnen Sie schriftlich beantragen, dass wir die Daten \u00e4ndern oder entfernen lassen. Wenn Sie nicht w\u00fcnschen, dass wir Ihnen Informationen \u00fcber unsere Produkte und Dienstleistungen zusenden, k\u00f6nnen Sie uns dies schriftlich mitteilen, indem Sie an die folgende Adresse schreiben:<\/p>\n\t\t\t\t\t\t\t\t<\/div>\n\t\t\t\t<\/div>\n\t\t\t\t<div class=\"elementor-element elementor-element-9964939 elementor-widget elementor-widget-heading\" data-id=\"9964939\" data-element_type=\"widget\" data-e-type=\"widget\" data-widget_type=\"heading.default\">\n\t\t\t\t<div class=\"elementor-widget-container\">\n\t\t\t\t\t<h5 class=\"elementor-heading-title elementor-size-default\">SLI Systematic Logistics International B.V.<\/h5>\t\t\t\t<\/div>\n\t\t\t\t<\/div>\n\t\t\t\t<div class=\"elementor-element elementor-element-6c44012 elementor-widget elementor-widget-heading\" data-id=\"6c44012\" data-element_type=\"widget\" data-e-type=\"widget\" data-widget_type=\"heading.default\">\n\t\t\t\t<div class=\"elementor-widget-container\">\n\t\t\t\t\t<h5 class=\"elementor-heading-title elementor-size-default\">Marconistraat 2-4<\/h5>\t\t\t\t<\/div>\n\t\t\t\t<\/div>\n\t\t\t\t<div class=\"elementor-element elementor-element-c485490 elementor-widget elementor-widget-heading\" data-id=\"c485490\" data-element_type=\"widget\" data-e-type=\"widget\" data-widget_type=\"heading.default\">\n\t\t\t\t<div class=\"elementor-widget-container\">\n\t\t\t\t\t<h5 class=\"elementor-heading-title elementor-size-default\">7575AR Oldenzaal<\/h5>\t\t\t\t<\/div>\n\t\t\t\t<\/div>\n\t\t\t\t<div class=\"elementor-element elementor-element-1621b39 elementor-widget elementor-widget-heading\" data-id=\"1621b39\" data-element_type=\"widget\" data-e-type=\"widget\" data-widget_type=\"heading.default\">\n\t\t\t\t<div class=\"elementor-widget-container\">\n\t\t\t\t\t<h5 class=\"elementor-heading-title elementor-size-default\">The Netherlands<\/h5>\t\t\t\t<\/div>\n\t\t\t\t<\/div>\n\t\t\t\t<div class=\"elementor-element elementor-element-2991ea2 elementor-widget elementor-widget-heading\" data-id=\"2991ea2\" data-element_type=\"widget\" data-e-type=\"widget\" data-widget_type=\"heading.default\">\n\t\t\t\t<div class=\"elementor-widget-container\">\n\t\t\t\t\t<h3 class=\"elementor-heading-title elementor-size-default\">Datenschutzhinweis anpassen\n<\/h3>\t\t\t\t<\/div>\n\t\t\t\t<\/div>\n\t\t\t\t<div class=\"elementor-element elementor-element-45cb681 elementor-widget elementor-widget-text-editor\" data-id=\"45cb681\" data-element_type=\"widget\" data-e-type=\"widget\" data-widget_type=\"text-editor.default\">\n\t\t\t\t<div class=\"elementor-widget-container\">\n\t\t\t\t\t\t\t\t\t<div class=\"vc_col-sm-8 wpb_column vc_column_container has-fill\">\n<div class=\"vc_column-inner vc_custom_1475584703224\">\n<div class=\"wpb_wrapper\">\n<div class=\"wpb_text_column \">\n<div class=\"wpb_wrapper\">\n<p>Wir behalten uns das Recht vor, diese Erkl\u00e4rung zum Datenschutz zu \u00e4ndern. \u00c4nderungen werden auf dieser Website ver\u00f6ffentlicht.<\/p>\n<\/div>\n<\/div>\n<\/div>\n<\/div>\n<\/div>\n\t\t\t\t\t\t\t\t<\/div>\n\t\t\t\t<\/div>\n\t\t\t\t\t<\/div>\n\t\t<\/div>\n\t\t\t\t<div class=\"elementor-column elementor-col-50 elementor-top-column elementor-element elementor-element-7dcc99c\" data-id=\"7dcc99c\" data-element_type=\"column\" data-e-type=\"column\">\n\t\t\t<div class=\"elementor-widget-wrap\">\n\t\t\t\t\t\t\t<\/div>\n\t\t<\/div>\n\t\t\t\t\t<\/div>\n\t\t<\/section>\n\t\t\t\t<\/div>\n\t\t","protected":false},"excerpt":{"rendered":"<p>Datenschutzbestimmungen Haftungsausschluss SLI Systematic Logistics International B.V. (Handelskammer: Enschede 53151054), nachstehend Systematic genannt, gew\u00e4hrt Ihnen hiermit Zugang zu www.systematic.one (&#8222;die Website&#8220;) und ver\u00f6ffentlicht hier Texte, Bilder und andere Materialien zu Informationszwecken.Systematic beh\u00e4lt sich das Recht vor, den Inhalt jederzeit zu \u00e4ndern oder Teile davon zu entfernen, ohne Sie dar\u00fcber informieren zu m\u00fcssen.Die Informationen auf der [&hellip;]<\/p>\n","protected":false},"author":2,"featured_media":0,"parent":0,"menu_order":0,"comment_status":"closed","ping_status":"closed","template":"","meta":{"footnotes":""},"class_list":["post-3147","page","type-page","status-publish","hentry"],"_links":{"self":[{"href":"https:\/\/systematic.one\/de\/wp-json\/wp\/v2\/pages\/3147","targetHints":{"allow":["GET"]}}],"collection":[{"href":"https:\/\/systematic.one\/de\/wp-json\/wp\/v2\/pages"}],"about":[{"href":"https:\/\/systematic.one\/de\/wp-json\/wp\/v2\/types\/page"}],"author":[{"embeddable":true,"href":"https:\/\/systematic.one\/de\/wp-json\/wp\/v2\/users\/2"}],"replies":[{"embeddable":true,"href":"https:\/\/systematic.one\/de\/wp-json\/wp\/v2\/comments?post=3147"}],"version-history":[{"count":17,"href":"https:\/\/systematic.one\/de\/wp-json\/wp\/v2\/pages\/3147\/revisions"}],"predecessor-version":[{"id":8609,"href":"https:\/\/systematic.one\/de\/wp-json\/wp\/v2\/pages\/3147\/revisions\/8609"}],"wp:attachment":[{"href":"https:\/\/systematic.one\/de\/wp-json\/wp\/v2\/media?parent=3147"}],"curies":[{"name":"wp","href":"https:\/\/api.w.org\/{rel}","templated":true}]}}